{"id":29273,"date":"2025-07-17T14:28:13","date_gmt":"2025-07-17T08:58:13","guid":{"rendered":"https:\/\/mohrey.com\/?post_type=product&#038;p=29273"},"modified":"2025-07-17T14:28:13","modified_gmt":"2025-07-17T08:58:13","slug":"como-escolher-um-cassino-online-de-primeira-linha-em-portugal-encontrar-o-melhor-cassino-online-em-portugal-pode-ser-um-verdadeiro-desafio-ja-que-o-mercado-atual-apresenta-um-grande-numero-de-cassi","status":"publish","type":"product","link":"https:\/\/mohrey.com\/index.php\/product\/como-escolher-um-cassino-online-de-primeira-linha-em-portugal-encontrar-o-melhor-cassino-online-em-portugal-pode-ser-um-verdadeiro-desafio-ja-que-o-mercado-atual-apresenta-um-grande-numero-de-cassi\/","title":{"rendered":"<h1>Como escolher um cassino online de primeira linha em Portugal?<\/h1>  <p>Encontrar o melhor cassino online em Portugal pode ser um verdadeiro desafio, j\u00e1 que o mercado atual apresenta um grande n\u00famero de cassinos com uma vasta sele\u00e7\u00e3o de jogos, b\u00f4nus generosos e condi\u00e7\u00f5es individuais. Existem problemas potenciais sutis que podem impedi-lo de aproveitar e lucrar com o jogo. Por esse motivo, um iniciante pode ter dificuldade em encontrar um cassino online honesto e lucrativo em Portugal. Um site sobre cassinos virtuais oferece suporte para encontrar a resposta: <a href=\"https:\/\/melhorportugalcasino.com\/pt\/jogos-de-azar\/casinos\/\">https:\/\/melhorportugalcasino.com\/pt\/jogos-de-azar\/casinos\/<\/a>. Opini\u00f5es de jogadores experientes e avalia\u00e7\u00f5es profissionais de especialistas s\u00e3o apresentadas em diversas p\u00e1ginas do site. Estas s\u00e3o informa\u00e7\u00f5es concisas sobre as principais recomenda\u00e7\u00f5es para escolher um cassino online.<\/p>  <h2>Fatores para escolher um cassino online de qualidade<\/h2>  <p>H\u00e1 uma s\u00e9rie de nuances que devem ser consideradas em primeiro lugar.<\/p>  <table>  <tbody>  <tr>  <th>Licen\u00e7a Oficial<\/th>  <td>Recomenda-se escolher um site que tenha permiss\u00e3o para operar do \u00f3rg\u00e3o regulador do pa\u00eds. No entanto, os jogadores tamb\u00e9m podem confiar em cassinos estrangeiros com as seguintes licen\u00e7as: Anjouan, Cura\u00e7ao. Como regra, as informa\u00e7\u00f5es sobre o registro s\u00e3o colocadas na parte inferior do site. No entanto, n\u00e3o ser\u00e1 sup\u00e9rfluo verificar as informa\u00e7\u00f5es no site do licenciador.<\/td>  <\/tr>  <tr>  <th>Seguran\u00e7a<\/th>  <td>Os cassinos virtuais utilizam protocolos de criptografia modernos para proteger dados pessoais e financeiros, aumentando sua seguran\u00e7a contra hackers. A pol\u00edtica de privacidade garante que informa\u00e7\u00f5es confidenciais n\u00e3o sejam divulgadas a terceiros sem o consentimento do usu\u00e1rio.<\/td>  <\/tr>  <tr>  <th>Variedade de jogos<\/th>  <td>Escolha jogos exclusivamente de provedores oficiais. Aqui est\u00e3o alguns deles: Big Time Gaming, Play&#8217;n GO, Playtech. Esses desenvolvedores s\u00e3o licenciados, seus jogos s\u00e3o testados e est\u00e3o sujeitos a requisitos de seguran\u00e7a.<\/td>  <\/tr>  <tr>  <th>Sistemas de pagamento e moedas<\/th>  <td>Para garantir a conveni\u00eancia dos usu\u00e1rios da Hungria, os cassinos virtuais devem oferecer uma variedade de m\u00e9todos de dep\u00f3sito e saque, incluindo dinheiro fiduci\u00e1rio e digital.<\/td>  <\/tr>  <tr>  <th>Coment\u00e1rios de usu\u00e1rios reais<\/th>  <td>Preste aten\u00e7\u00e3o aos coment\u00e1rios, pois eles ajudar\u00e3o a evitar erros de c\u00e1lculo e perdas financeiras. Cassinos online de qualidade cuidam constantemente de sua reputa\u00e7\u00e3o, ent\u00e3o um grande n\u00famero de coment\u00e1rios negativos pode fazer voc\u00ea pensar.<\/td>  <\/tr>  <\/tbody>  <\/table>  <h2>Sistema de b\u00f4nus de cassino online<\/h2>  <p>Os portais de jogos de azar modernos oferecem um programa de incentivos muito abrangente. Ainda assim, o cliente precisa ser cr\u00edtico com b\u00f4nus generosos, pois eles podem ter limita\u00e7\u00f5es. \u00c9 essencial ler as regras e condi\u00e7\u00f5es das promo\u00e7\u00f5es especiais, prestar aten\u00e7\u00e3o aos termos de devolu\u00e7\u00e3o e ao per\u00edodo de validade do b\u00f4nus. Quando os crit\u00e9rios forem atendidos, voc\u00ea poder\u00e1 usar o b\u00f4nus para iniciantes e obter lucro extra. Muitos estabelecimentos de jogos de azar virtuais, al\u00e9m do b\u00f4nus de boas-vindas, tamb\u00e9m oferecem giros, c\u00f3digos de b\u00f4nus, competi\u00e7\u00f5es, incentivos de recarga e outros incentivos.<\/p>  <h2>Apostas em moedas digitais<\/h2>  <p>Nos \u00faltimos anos, a popularidade do dinheiro virtual tem aumentado. Se voc\u00ea possui uma carteira digital, \u00e9 aconselh\u00e1vel experimentar este m\u00e9todo. Os cassinos online em Portugal geralmente oferecem os seguintes criptoativos para jogos de azar:<\/p>  <ul>  <li>Bitcoin (BTC): A criptomoeda mais comum com alto n\u00edvel de seguran\u00e7a.<\/li>  <li>Ethereum (ETH): Popular devido aos pagamentos r\u00e1pidos e transa\u00e7\u00f5es automatizadas.<\/li>  <li>Litecoin (LTC): Uma alternativa r\u00e1pida e econ\u00f4mica ao Bitcoin.<\/li>  <li>Tether (USDT): Uma moeda segura atrelada ao d\u00f3lar.<\/li>  <li>Ripple (XRP): Garante pagamentos instant\u00e2neos com taxas acess\u00edveis.<\/li>  <\/ul>  <p>Os criptoativos garantem privacidade e prote\u00e7\u00e3o de dados.<\/p>  <h2>Quem pode jogar em cassinos online portugueses e internacionais?<\/h2>  <p>Em Portugal, os jogos de azar online s\u00e3o legais para maiores de dezoito anos que tenham conclu\u00eddo uma verifica\u00e7\u00e3o de identidade para garantir o cumprimento da lei. Os apostadores devem apresentar um n\u00famero de identifica\u00e7\u00e3o fiscal, endere\u00e7o oficial e documento de identifica\u00e7\u00e3o. Cidad\u00e3os do pa\u00eds tamb\u00e9m t\u00eam acesso a cassinos online estrangeiros, desde que operem oficialmente dentro dos limites da legisla\u00e7\u00e3o nacional ou possuam as licen\u00e7as apropriadas. \u00c9 importante lembrar que a participa\u00e7\u00e3o em cassinos ilegais \u00e9 uma infra\u00e7\u00e3o que pode gerar responsabilidade tanto para o usu\u00e1rio quanto para o operador.<\/p>  <p>Por isso, recomenda-se jogar apenas em sites oficiais e verificados.<\/p>  <h2>Assist\u00eancia ao usu\u00e1rio e regulamenta\u00e7\u00e3o de cassinos virtuais na Rep\u00fablica Portuguesa<\/h2>  <p>O \u00f3rg\u00e3o regulador de Portugal &#8211; SRIJ &#8211; \u00e9 o \u00f3rg\u00e3o governamental que supervisiona as atividades de cassinos online no pa\u00eds. \u00c9 respons\u00e1vel por emitir licen\u00e7as, verificar o cumprimento das regulamenta\u00e7\u00f5es, os direitos dos usu\u00e1rios e combater cassinos ilegais. As plataformas de jogos registradas s\u00e3o obrigadas a garantir transpar\u00eancia, privacidade do usu\u00e1rio, op\u00e7\u00e3o de autobloqueio e defini\u00e7\u00e3o de limites de jogo personalizados. O suporte \u00e9 fornecido por meio de suporte multiplataforma, ajuda 24 horas por dia, 7 dias por semana e se\u00e7\u00f5es de ajuda para jogos de azar conscientes.<\/p>  <h2>Por que \u00e9 importante levar em considera\u00e7\u00e3o as avalia\u00e7\u00f5es de jogadores e avalia\u00e7\u00f5es de cassinos feitas por profissionais<\/h2>  <p>Como os requisitos legais n\u00e3o s\u00e3o os mesmos, ao procurar um cassino, voc\u00ea precisa levar em considera\u00e7\u00e3o as avalia\u00e7\u00f5es dos jogadores. As avalia\u00e7\u00f5es dos usu\u00e1rios ajudam a entender o qu\u00e3o confort\u00e1vel \u00e9 jogar, a rapidez com que os ganhos s\u00e3o sacados e se o servi\u00e7o de suporte funciona de forma honesta. As avalia\u00e7\u00f5es de especialistas, respectivamente, s\u00e3o analisadas com mais detalhes \u2014 elas fornecem uma vis\u00e3o geral das condi\u00e7\u00f5es das promo\u00e7\u00f5es, confiabilidade, interface, status legal e suporte. Informa\u00e7\u00f5es generalizadas formam uma ideia geral e permitem que voc\u00ea ignore cassinos question\u00e1veis. Um cassino confi\u00e1vel \u00e9 sempre uma combina\u00e7\u00e3o de alta confian\u00e7a entre os clientes e altas pontua\u00e7\u00f5es de avaliadores independentes.<\/p>  <h2>Exemplos dos melhores cassinos virtuais em Portugal<\/h2>  <p>Em 2025, diversas marcas podem ser citadas entre os cassinos virtuais novos e conhecidos que se promovem ativamente no mercado de jogos de azar do pa\u00eds:<\/p>  <ol>  <li>O Leon Casino \u00e9 uma plataforma internacional com boa reputa\u00e7\u00e3o, oferecendo promo\u00e7\u00f5es generosas, apostas e mais de 3.000 ca\u00e7a-n\u00edqueis. Dispon\u00edvel em portugu\u00eas.<\/li>  <li>O Casino Divaspin \u00e9 um novato no mercado, focado em jogos de azar para dispositivos m\u00f3veis e usu\u00e1rios que apreciam uma interface clara e gamifica\u00e7\u00e3o. Caracteriza-se por pagamentos r\u00e1pidos e b\u00f4nus inovadores para jogadores regulares.<\/li>  <li>Casino Sol \u2014 possui uma ampla campanha publicit\u00e1ria na Europa e possui licen\u00e7a de Cura\u00e7ao. Oferece acesso a jogos dos principais desenvolvedores (Pragmatic Play, NetEnt e outros), permitindo pagamentos com criptomoedas.<\/li>  <li>O Fairspin Casino Online \u00e9 caracterizado pela transpar\u00eancia gra\u00e7as \u00e0 integra\u00e7\u00e3o de solu\u00e7\u00f5es de blockchain. Os jogadores podem verificar a integridade de cada rodada, o que torna esta plataforma especialmente popular entre jogadores experientes.<\/li>  <li>O Wild Robin Casino Online \u00e9 uma nova marca lan\u00e7ada com uma pol\u00edtica de b\u00f4nus atraente, uma plataforma adaptada ao mercado local e suporte por chat ao vivo.<\/li>  <\/ol>  <p>Estes cassinos se adaptam ativamente \u00e0s demandas dos jogadores portugueses, oferecendo solu\u00e7\u00f5es modernas, b\u00f4nus sem apostas, m\u00e9todos de dep\u00f3sito convenientes e excelente atendimento ao cliente.<\/p>  <h2>Conclus\u00e3o<\/h2>  <p>O mercado de cassinos online em Portugal possui requisitos rigorosos que garantem a seguran\u00e7a de jogadores e operadores. Usu\u00e1rios adultos respons\u00e1veis \u200b\u200bpelo jogo podem jogar legalmente. Sob o controle do SRIJ e por meio de regulamenta\u00e7\u00e3o rigorosa, os jogadores podem ter certeza de que a plataforma \u00e9 segura se escolherem um cassino licenciado. Ao mesmo tempo, os coment\u00e1rios dos jogadores e as avalia\u00e7\u00f5es de especialistas oferecem uma oportunidade para tomar decis\u00f5es informadas. Operadores modernos, em particular Leon, Divaspin ou Fairspin, demonstram o desejo de garantir transpar\u00eancia e qualidade, oferecendo aos jogadores um servi\u00e7o de jogo moderno dentro dos limites da lei. Ao escolher uma plataforma para o jogo, recomenda-se levar em considera\u00e7\u00e3o n\u00e3o apenas os b\u00f4nus, mas tamb\u00e9m a reputa\u00e7\u00e3o, o status da licen\u00e7a e o suporte t\u00e9cnico \u2014 tudo isso garante um jogo confort\u00e1vel e seguro.<\/p>"},"content":{"rendered":"","protected":false},"excerpt":{"rendered":"","protected":false},"featured_media":0,"comment_status":"closed","ping_status":"closed","template":"","meta":{"site-sidebar-layout":"default","site-content-layout":"","ast-site-content-layout":"default","site-content-style":"default","site-sidebar-style":"default","ast-global-header-display":"","ast-banner-title-visibility":"","ast-main-header-display":"","ast-hfb-above-header-display":"","ast-hfb-below-header-display":"","ast-hfb-mobile-header-display":"","site-post-title":"","ast-breadcrumbs-content":"","ast-featured-img":"","footer-sml-layout":"","theme-transparent-header-meta":"default","adv-header-id-meta":"","stick-header-meta":"","header-above-stick-meta":"","header-main-stick-meta":"","header-below-stick-meta":"","astra-migrate-meta-layouts":"set","ast-page-background-enabled":"default","ast-page-background-meta":{"desktop":{"background-color":"var(--ast-global-color-4)","background-image":"","background-repeat":"repeat","background-position":"center center","background-size":"auto","background-attachment":"scroll","background-type":"","background-media":"","overlay-type":"","overlay-color":"","overlay-opacity":"","overlay-gradient":""},"tablet":{"background-color":"","background-image":"","background-repeat":"repeat","background-position":"center center","background-size":"auto","background-attachment":"scroll","background-type":"","background-media":"","overlay-type":"","overlay-color":"","overlay-opacity":"","overlay-gradient":""},"mobile":{"background-color":"","background-image":"","background-repeat":"repeat","background-position":"center center","background-size":"auto","background-attachment":"scroll","background-type":"","background-media":"","overlay-type":"","overlay-color":"","overlay-opacity":"","overlay-gradient":""}},"ast-content-background-meta":{"desktop":{"background-color":"var(--ast-global-color-5)","background-image":"","background-repeat":"repeat","background-position":"center center","background-size":"auto","background-attachment":"scroll","background-type":"","background-media":"","overlay-type":"","overlay-color":"","overlay-opacity":"","overlay-gradient":""},"tablet":{"background-color":"var(--ast-global-color-5)","background-image":"","background-repeat":"repeat","background-position":"center center","background-size":"auto","background-attachment":"scroll","background-type":"","background-media":"","overlay-type":"","overlay-color":"","overlay-opacity":"","overlay-gradient":""},"mobile":{"background-color":"var(--ast-global-color-5)","background-image":"","background-repeat":"repeat","background-position":"center center","background-size":"auto","background-attachment":"scroll","background-type":"","background-media":"","overlay-type":"","overlay-color":"","overlay-opacity":"","overlay-gradient":""}}},"product_brand":[],"product_cat":[55],"product_tag":[],"class_list":{"0":"post-29273","1":"product","2":"type-product","3":"status-publish","5":"product_cat-home-linen","6":"desktop-align-left","7":"tablet-align-left","8":"mobile-align-left","10":"first","11":"instock","12":"shipping-taxable","13":"product-type-simple"},"jetpack_sharing_enabled":true,"_links":{"self":[{"href":"https:\/\/mohrey.com\/index.php\/wp-json\/wp\/v2\/product\/29273","targetHints":{"allow":["GET"]}}],"collection":[{"href":"https:\/\/mohrey.com\/index.php\/wp-json\/wp\/v2\/product"}],"about":[{"href":"https:\/\/mohrey.com\/index.php\/wp-json\/wp\/v2\/types\/product"}],"replies":[{"embeddable":true,"href":"https:\/\/mohrey.com\/index.php\/wp-json\/wp\/v2\/comments?post=29273"}],"version-history":[{"count":1,"href":"https:\/\/mohrey.com\/index.php\/wp-json\/wp\/v2\/product\/29273\/revisions"}],"predecessor-version":[{"id":29274,"href":"https:\/\/mohrey.com\/index.php\/wp-json\/wp\/v2\/product\/29273\/revisions\/29274"}],"wp:attachment":[{"href":"https:\/\/mohrey.com\/index.php\/wp-json\/wp\/v2\/media?parent=29273"}],"wp:term":[{"taxonomy":"product_brand","embeddable":true,"href":"https:\/\/mohrey.com\/index.php\/wp-json\/wp\/v2\/product_brand?post=29273"},{"taxonomy":"product_cat","embeddable":true,"href":"https:\/\/mohrey.com\/index.php\/wp-json\/wp\/v2\/product_cat?post=29273"},{"taxonomy":"product_tag","embeddable":true,"href":"https:\/\/mohrey.com\/index.php\/wp-json\/wp\/v2\/product_tag?post=29273"}],"curies":[{"name":"wp","href":"https:\/\/api.w.org\/{rel}","templated":true}]}}